{"id":910,"date":"2024-07-29T13:38:31","date_gmt":"2024-07-29T13:38:31","guid":{"rendered":"https:\/\/dukamp.com.br\/?post_type=product&#038;p=910"},"modified":"2024-10-09T13:45:12","modified_gmt":"2024-10-09T13:45:12","slug":"dukamp-racao-dukavallus-14-30kg","status":"publish","type":"product","link":"https:\/\/www.dukamp.com.br\/?product=dukamp-racao-dukavallus-14-30kg","title":{"rendered":"DUKAMP RA\u00c7\u00c3O DUKAVALLUS 14 30KG"},"content":{"rendered":"<h2>Indica\u00e7\u00e3o<\/h2>\n<p><span class=\"fontstyle0\">Produto indicado para alimenta\u00e7\u00e3o de equinos em<br \/>\nmanuten\u00e7\u00e3o<\/span><\/p>\n<h2>Instru\u00e7\u00f5es de uso.<\/h2>\n<p><span class=\"fontstyle0\">Fornecer o produto para equinos acima de 1 ano de idade, em<br \/>\nrepouso, de 1 a 1,5 kg de ra\u00e7\u00e3o para cada 100 kg de peso vivo,<br \/>\ndependendo da qualidade do volumoso e do score de condi\u00e7\u00e3o<br \/>\ncorporal do animal<\/span><\/p>\n<h2>N\u00edveis de Garantia<\/h2>\n<p>C\u00e1lcio (min\/m\u00e1x) 80\/230 g<\/p>\n<p>F\u00f3sforo 40g<\/p>\n<p>Magn\u00e9sio 5g<\/p>\n<p>S\u00f3dio 120 g<\/p>\n<p>Enxofre 15g<\/p>\n<p>Cobalto 16 mg<\/p>\n<p>Cobre 400 mg<\/p>\n<p>Iodo 30 mg<\/p>\n<p>Ferro 1.500 mg<\/p>\n<p>Mangan\u00eas 500 mg<\/p>\n<p>Sel\u00eanio 9 mg<\/p>\n<p>Zinco 2.000 mg<\/p>\n<p>Fluor (max) 850 mg<\/p>\n<h2><\/h2>\n","protected":false},"excerpt":{"rendered":"<h2>Indica\u00e7\u00e3o<\/h2>\n<p><span class=\"fontstyle0\">Produto indicado para alimenta\u00e7\u00e3o de equinos em<br \/>\nmanuten\u00e7\u00e3o<\/span><\/p>\n","protected":false},"featured_media":637,"comment_status":"open","ping_status":"closed","template":"","meta":{"_joinchat":[]},"product_cat":[27],"product_tag":[40],"class_list":{"0":"post-910","1":"product","2":"type-product","3":"status-publish","4":"has-post-thumbnail","6":"product_cat-equinos","7":"product_tag-equinos","9":"first","10":"instock","11":"taxable","12":"shipping-taxable","13":"purchasable","14":"product-type-simple","15":"add-to-wishlist-after_add_to_cart"},"jetpack_sharing_enabled":true,"_links":{"self":[{"href":"https:\/\/www.dukamp.com.br\/index.php?rest_route=\/wp\/v2\/product\/910","targetHints":{"allow":["GET"]}}],"collection":[{"href":"https:\/\/www.dukamp.com.br\/index.php?rest_route=\/wp\/v2\/product"}],"about":[{"href":"https:\/\/www.dukamp.com.br\/index.php?rest_route=\/wp\/v2\/types\/product"}],"replies":[{"embeddable":true,"href":"https:\/\/www.dukamp.com.br\/index.php?rest_route=%2Fwp%2Fv2%2Fcomments&post=910"}],"wp:featuredmedia":[{"embeddable":true,"href":"https:\/\/www.dukamp.com.br\/index.php?rest_route=\/wp\/v2\/media\/637"}],"wp:attachment":[{"href":"https:\/\/www.dukamp.com.br\/index.php?rest_route=%2Fwp%2Fv2%2Fmedia&parent=910"}],"wp:term":[{"taxonomy":"product_cat","embeddable":true,"href":"https:\/\/www.dukamp.com.br\/index.php?rest_route=%2Fwp%2Fv2%2Fproduct_cat&post=910"},{"taxonomy":"product_tag","embeddable":true,"href":"https:\/\/www.dukamp.com.br\/index.php?rest_route=%2Fwp%2Fv2%2Fproduct_tag&post=910"}],"curies":[{"name":"wp","href":"https:\/\/api.w.org\/{rel}","templated":true}]}}