{"id":873,"date":"2024-07-19T12:40:16","date_gmt":"2024-07-19T12:40:16","guid":{"rendered":"https:\/\/dukamp.com.br\/?product=023442nucleo-dukamp-confinamento-200b-20-kg-000-3882-3684400500040-0000-n"},"modified":"2024-10-09T14:14:50","modified_gmt":"2024-10-09T14:14:50","slug":"023442nucleo-dukamp-confinamento-200b-20-kg-000-3882-3684400500040-0000-n","status":"publish","type":"product","link":"https:\/\/www.dukamp.com.br\/?product=023442nucleo-dukamp-confinamento-200b-20-kg-000-3882-3684400500040-0000-n","title":{"rendered":"NUCLEO DUKAMP CONFINAMENTO 200B &#8211; 20 KG"},"content":{"rendered":"<h2>Indica\u00e7\u00e3o<\/h2>\n<p><span class=\"fontstyle0\">Produto indicado para ser usado como n\u00facleo mineral e<br \/>\nvitam\u00ednico destinado ao preparo de ra\u00e7\u00f5es para alimenta\u00e7\u00e3o de<br \/>\nbovinos na fase de termina\u00e7\u00e3o<\/span><\/p>\n<h2>Instru\u00e7\u00e3o de uso<\/h2>\n<p><span class=\"fontstyle0\">Adicionar 40 kg do produto por tonelada de ra\u00e7\u00e3o. Fornecer o<br \/>\nproduto elaborado calculado na propor\u00e7\u00e3o de 1 a 1,5% do peso<br \/>\ncorporal, em m\u00e9dia. Para adapta\u00e7\u00e3o gradual dos animais ao<br \/>\nproduto, iniciar usando 50% da dose di\u00e1ria recomendada<br \/>\ndurante uma semana e, s\u00f3 a partir de ent\u00e3o, fornecer a dose<br \/>\ncompleta.<\/span><\/p>\n<p><span class=\"fontstyle0\">Conservar em local coberto, fresco, arejado, livre de insetos e roedoras e devidamente embalado.<br \/>\nImpedir que entre em contato com luz solar direta e umidade. N\u00e3o armazenar junto a combust\u00edveis,<br \/>\nfertilizantes, produtos t\u00f3xicos e\/ou em contato direto com o solo e paredes.<\/span><\/p>\n<h2>N\u00edveis de Garantia<\/h2>\n<p>C\u00e1lcio (min\/m\u00e1x) 220\/510 g<\/p>\n<p>F\u00f3sforo 10 g<\/p>\n<p>Magn\u00e9sio 8 g<\/p>\n<p>S\u00f3dio 20 g<\/p>\n<p>Enxofre 6 g<\/p>\n<p>Cobalto 4 mg<\/p>\n<p>Cobre 187 mg<\/p>\n<p>Iodo 30 mg<\/p>\n<p>Ferro 1.400 mg<\/p>\n<p>Mangan\u00eas 725 mg<\/p>\n<p>Sel\u00eanio 10 mg<\/p>\n<p>Zinco 2.500 mg<\/p>\n<p>Fluor (max) 100 mg<\/p>\n<p>Vitamina A 120.000 U.I<\/p>\n<p>Vitamina D3 15.000 U.I<\/p>\n<p>Vitamina E 750 U.I<\/p>\n","protected":false},"excerpt":{"rendered":"<h2>Indica\u00e7\u00e3o<\/h2>\n<p><span class=\"fontstyle0\">Produto indicado para ser usado como n\u00facleo mineral e<br \/>\nvitam\u00ednico destinado ao preparo de ra\u00e7\u00f5es para alimenta\u00e7\u00e3o de<br \/>\nbovinos na fase de termina\u00e7\u00e3o<\/span><\/p>\n","protected":false},"featured_media":637,"comment_status":"open","ping_status":"closed","template":"","meta":{"_joinchat":[]},"product_cat":[37,24],"product_tag":[38,36],"class_list":{"0":"post-873","1":"product","2":"type-product","3":"status-publish","4":"has-post-thumbnail","6":"product_cat-bovinos","7":"product_cat-confinamento-e-semi","8":"product_tag-bovinos","9":"product_tag-confinamento-e-semi-confinamento","11":"first","12":"instock","13":"taxable","14":"shipping-taxable","15":"purchasable","16":"product-type-simple","17":"add-to-wishlist-after_add_to_cart"},"jetpack_sharing_enabled":true,"_links":{"self":[{"href":"https:\/\/www.dukamp.com.br\/index.php?rest_route=\/wp\/v2\/product\/873","targetHints":{"allow":["GET"]}}],"collection":[{"href":"https:\/\/www.dukamp.com.br\/index.php?rest_route=\/wp\/v2\/product"}],"about":[{"href":"https:\/\/www.dukamp.com.br\/index.php?rest_route=\/wp\/v2\/types\/product"}],"replies":[{"embeddable":true,"href":"https:\/\/www.dukamp.com.br\/index.php?rest_route=%2Fwp%2Fv2%2Fcomments&post=873"}],"wp:featuredmedia":[{"embeddable":true,"href":"https:\/\/www.dukamp.com.br\/index.php?rest_route=\/wp\/v2\/media\/637"}],"wp:attachment":[{"href":"https:\/\/www.dukamp.com.br\/index.php?rest_route=%2Fwp%2Fv2%2Fmedia&parent=873"}],"wp:term":[{"taxonomy":"product_cat","embeddable":true,"href":"https:\/\/www.dukamp.com.br\/index.php?rest_route=%2Fwp%2Fv2%2Fproduct_cat&post=873"},{"taxonomy":"product_tag","embeddable":true,"href":"https:\/\/www.dukamp.com.br\/index.php?rest_route=%2Fwp%2Fv2%2Fproduct_tag&post=873"}],"curies":[{"name":"wp","href":"https:\/\/api.w.org\/{rel}","templated":true}]}}