{"id":868,"date":"2024-07-19T12:40:15","date_gmt":"2024-07-19T12:40:15","guid":{"rendered":"https:\/\/dukamp.com.br\/?product=020613dukamp-racao-rodeo-bulls-30kg-2000-6059-5850400300040-15640-n"},"modified":"2024-10-09T14:19:03","modified_gmt":"2024-10-09T14:19:03","slug":"dukamp-racao-rodeo-bulls-30kg","status":"publish","type":"product","link":"https:\/\/www.dukamp.com.br\/?product=dukamp-racao-rodeo-bulls-30kg","title":{"rendered":"DUKAMP RA\u00c7\u00c3O RODEO BULLS 30KG"},"content":{"rendered":"<h2>Indica\u00e7\u00e3o<\/h2>\n<p><span class=\"fontstyle0\">Ra\u00e7\u00e3o para touros de rodeio adultos, criados a pasto ou<br \/>\nestabulados.<\/span><\/p>\n<h2>Instru\u00e7\u00f5es de uso<\/h2>\n<p><span class=\"fontstyle0\">Fornecer a ra\u00e7\u00e3o para os touros de rodeio calculado na<br \/>\npropor\u00e7\u00e3o de 0,5 a 1% do peso vivo dos animais, dependendo<br \/>\nda qualidade do volumoso, estado corporal e est\u00e1gio de<br \/>\ndesenvolvimento dos animais. Repartir o total de ra\u00e7\u00e3o a<br \/>\nfornecer em pelo menos duas refei\u00e7\u00f5es di\u00e1rias. Este produto<br \/>\ncont\u00e9m ureia, sendo contraindicado o uso de ureia adicional.<br \/>\nFornecer o produto em cochos cobertos e\/ou que evitem<br \/>\nac\u00famulo de \u00e1gua. N\u00e3o fornecer o produto para equ\u00eddeos,<br \/>\novinos e\/ou quaisquer outras categorias ou esp\u00e9cies que n\u00e3o<br \/>\nas especificadas neste r\u00f3tulo<\/span><\/p>\n<h2>N\u00edveis de Garantia<\/h2>\n<p>C\u00e1lcio (min\/max) 10\/18,5 g<\/p>\n<p>F\u00f3sforo (min) 3 g<\/p>\n<p>Prote\u00edna Bruta (min) 15 %<\/p>\n<p>N.N.P Equiv em Prote\u00edna (max) 4,23 %<\/p>\n<p>Extrato et\u00e9reo (min\/max) 25\/70 g<\/p>\n<p>Mat\u00e9ria Fibrosa (min\/max) 15\/110 g<\/p>\n<p>Fibra em detergente \u00e1cido (min\/max) 12\/120 g<\/p>\n<p>Mat\u00e9ria Mineral (min\/max) 45\/160 g<\/p>\n<p>Umidade (max) 13%<\/p>\n<p>&nbsp;<\/p>\n","protected":false},"excerpt":{"rendered":"<h2>Indica\u00e7\u00e3o<\/h2>\n<p>Ra\u00e7\u00e3o para touros de rodeio adultos, criados a pasto ou estabulos.<\/p>\n","protected":false},"featured_media":637,"comment_status":"open","ping_status":"closed","template":"","meta":{"_joinchat":[]},"product_cat":[29],"product_tag":[42],"class_list":{"0":"post-868","1":"product","2":"type-product","3":"status-publish","4":"has-post-thumbnail","6":"product_cat-rodeio","7":"product_tag-rodeio","9":"first","10":"instock","11":"taxable","12":"shipping-taxable","13":"purchasable","14":"product-type-simple","15":"add-to-wishlist-after_add_to_cart"},"jetpack_sharing_enabled":true,"_links":{"self":[{"href":"https:\/\/www.dukamp.com.br\/index.php?rest_route=\/wp\/v2\/product\/868","targetHints":{"allow":["GET"]}}],"collection":[{"href":"https:\/\/www.dukamp.com.br\/index.php?rest_route=\/wp\/v2\/product"}],"about":[{"href":"https:\/\/www.dukamp.com.br\/index.php?rest_route=\/wp\/v2\/types\/product"}],"replies":[{"embeddable":true,"href":"https:\/\/www.dukamp.com.br\/index.php?rest_route=%2Fwp%2Fv2%2Fcomments&post=868"}],"wp:featuredmedia":[{"embeddable":true,"href":"https:\/\/www.dukamp.com.br\/index.php?rest_route=\/wp\/v2\/media\/637"}],"wp:attachment":[{"href":"https:\/\/www.dukamp.com.br\/index.php?rest_route=%2Fwp%2Fv2%2Fmedia&parent=868"}],"wp:term":[{"taxonomy":"product_cat","embeddable":true,"href":"https:\/\/www.dukamp.com.br\/index.php?rest_route=%2Fwp%2Fv2%2Fproduct_cat&post=868"},{"taxonomy":"product_tag","embeddable":true,"href":"https:\/\/www.dukamp.com.br\/index.php?rest_route=%2Fwp%2Fv2%2Fproduct_tag&post=868"}],"curies":[{"name":"wp","href":"https:\/\/api.w.org\/{rel}","templated":true}]}}