{"id":835,"date":"2024-07-19T12:40:04","date_gmt":"2024-07-19T12:40:04","guid":{"rendered":"https:\/\/dukamp.com.br\/?product=020087aditivo-horse-power-gold-turbo-10kg-000-117000-48800401100040-202270-n"},"modified":"2024-07-30T12:39:47","modified_gmt":"2024-07-30T12:39:47","slug":"aditivo-horse-power-gold-turbo-10kg","status":"publish","type":"product","link":"https:\/\/www.dukamp.com.br\/?product=aditivo-horse-power-gold-turbo-10kg","title":{"rendered":"ADITIVO HORSE POWER GOLD TURBO 10KG"},"content":{"rendered":"<h2>Indica\u00e7\u00e3o<\/h2>\n<p><span class=\"fontstyle0\">Aditivo indicado para fabrica\u00e7\u00e3o de ra\u00e7\u00f5es destinadas \u00e0<br \/>\nalimenta\u00e7\u00e3o de equinos adultos (em trabalho ou atletas).<\/span><\/p>\n<h2>Instru\u00e7\u00f5es de uso<\/h2>\n<p><span class=\"fontstyle0\">Misturar o produto \u00e0s ra\u00e7\u00f5es durante sua confec\u00e7\u00e3o na dose de<br \/>\n4% na mistura (ou 40 kg do produto por tonelada de ra\u00e7\u00e3o),<br \/>\nassegurando uma mistura homog\u00eanea. Recomenda-se que<br \/>\ncada animal tenha um consumo de 200 gramas por cabe\u00e7a por<br \/>\ndia.<\/span><\/p>\n<h2>N\u00edveis de Garantia<\/h2>\n<p>C\u00e1lcio (min\/m\u00e1x) 20\/35 g<\/p>\n<p>F\u00f3sforo 5 g<\/p>\n<p>Proteina Bruta (min) 14%<\/p>\n<p>Extrato Et\u00e9reo (min\/max) 15\/35 g<\/p>\n<p>Mat\u00e9ria Fibrosa (min\/max) 20\/110 g<\/p>\n<p>Fibra em detergente \u00e1cido (min\/max) 15\/115 g<\/p>\n<p>Mat\u00e9ria Mineral (min\/max) 70\/200 g<\/p>\n<p>Umidade (max ) 130 g<\/p>\n<p>Cobalto (min) 0,4<\/p>\n<p>Cobre (min) 15 mg<\/p>\n<p>Iodo (min) 1 mg<\/p>\n<p>Ferro (min ) 100 mg<\/p>\n<p>Mangan\u00eas (min) 120mg<\/p>\n<p>Sel\u00eanio 0,1 mg<\/p>\n<p>Zinco (min) 100 mg<\/p>\n<p>Vitamina A (min) 4.100 U.I<\/p>\n<p>Vitamina D3 (min) 1.300 U.I<\/p>\n<p>Vitamina E (min) 70 U.I<\/p>\n<p>Vitamina B2 (min) 10 mg<\/p>\n<p>Vitamina B 12 (min) 5 mcg<\/p>\n<p>Pantotenato de c\u00e1lcio (min) 10 mg<\/p>\n<p>Etoxiquin (min) 120 mg<\/p>\n<p>&nbsp;<\/p>\n<p>&nbsp;<\/p>\n","protected":false},"excerpt":{"rendered":"<h2>Indica\u00e7\u00e3o<\/h2>\n<p><span class=\"fontstyle0\">Aditivo indicado para fabrica\u00e7\u00e3o de ra\u00e7\u00f5es destinadas \u00e0<br \/>\nalimenta\u00e7\u00e3o de equinos adultos (em trabalho ou atletas).<\/span><\/p>\n","protected":false},"featured_media":930,"comment_status":"open","ping_status":"closed","template":"","meta":{"_joinchat":[]},"product_cat":[27],"product_tag":[40],"class_list":{"0":"post-835","1":"product","2":"type-product","3":"status-publish","4":"has-post-thumbnail","6":"product_cat-equinos","7":"product_tag-equinos","9":"first","10":"instock","11":"taxable","12":"shipping-taxable","13":"purchasable","14":"product-type-simple","15":"add-to-wishlist-after_add_to_cart"},"jetpack_sharing_enabled":true,"_links":{"self":[{"href":"https:\/\/www.dukamp.com.br\/index.php?rest_route=\/wp\/v2\/product\/835","targetHints":{"allow":["GET"]}}],"collection":[{"href":"https:\/\/www.dukamp.com.br\/index.php?rest_route=\/wp\/v2\/product"}],"about":[{"href":"https:\/\/www.dukamp.com.br\/index.php?rest_route=\/wp\/v2\/types\/product"}],"replies":[{"embeddable":true,"href":"https:\/\/www.dukamp.com.br\/index.php?rest_route=%2Fwp%2Fv2%2Fcomments&post=835"}],"wp:featuredmedia":[{"embeddable":true,"href":"https:\/\/www.dukamp.com.br\/index.php?rest_route=\/wp\/v2\/media\/930"}],"wp:attachment":[{"href":"https:\/\/www.dukamp.com.br\/index.php?rest_route=%2Fwp%2Fv2%2Fmedia&parent=835"}],"wp:term":[{"taxonomy":"product_cat","embeddable":true,"href":"https:\/\/www.dukamp.com.br\/index.php?rest_route=%2Fwp%2Fv2%2Fproduct_cat&post=835"},{"taxonomy":"product_tag","embeddable":true,"href":"https:\/\/www.dukamp.com.br\/index.php?rest_route=%2Fwp%2Fv2%2Fproduct_tag&post=835"}],"curies":[{"name":"wp","href":"https:\/\/api.w.org\/{rel}","templated":true}]}}