{"id":832,"date":"2024-07-19T12:40:03","date_gmt":"2024-07-19T12:40:03","guid":{"rendered":"https:\/\/dukamp.com.br\/?product=011649aditivo-horse-power-gold-03kg-1700-25700-10500401100040-44330-n"},"modified":"2024-07-29T14:37:04","modified_gmt":"2024-07-29T14:37:04","slug":"aditivo-horse-power-gold-03kg","status":"publish","type":"product","link":"https:\/\/www.dukamp.com.br\/?product=aditivo-horse-power-gold-03kg","title":{"rendered":"ADITIVO HORSE POWER GOLD 03KG"},"content":{"rendered":"<h2>Indica\u00e7\u00e3o<\/h2>\n<p><span class=\"fontstyle0\">Aditivo vitam\u00ednico para mistura indicado para fabrica\u00e7\u00e3o de<br \/>\nra\u00e7\u00f5es destinadas \u00e0 alimenta\u00e7\u00e3o de equinos em crescimento e<br \/>\nna fase adulta (manuten\u00e7\u00e3o, gesta\u00e7\u00e3o, em trabalho ou atletas).<\/span><\/p>\n<h2>Instru\u00e7\u00f5es de uso<\/h2>\n<p><span class=\"fontstyle0\">O aditivo pode ser administrado misturado \u00e0s ra\u00e7\u00f5es durante<br \/>\nsua confec\u00e7\u00e3o ou atrav\u00e9s do m\u00e9todo \u201ctop dress\u201d, isto \u00e9,<br \/>\npolvilhando o produto sobre o alimento no cocho. Para<br \/>\nmisturar \u00e0 ra\u00e7\u00e3o durante a confec\u00e7\u00e3o, utilize 2% na mistura (ou<br \/>\n20 kg do produto por tonelada de ra\u00e7\u00e3o), assegurando uma<br \/>\nmistura homog\u00eanea.<br \/>\nQuantidades recomendadas de HORSE POWER GOLD variam<br \/>\nconforme categoria\/atividade do animal, conforme a seguir:<\/span><\/p>\n<table class=\"NormalTable\">\n<tbody>\n<tr>\n<td width=\"200\"><span class=\"fontstyle0\">DOSAGEM RECOMENDADA<\/span><\/td>\n<\/tr>\n<tr>\n<td width=\"200\"><span class=\"fontstyle2\">Equ\u00eddeos adultos:<\/span><\/td>\n<td width=\"200\"><span class=\"fontstyle2\">Manuten\u00e7\u00e3o (40 g\/dia)<\/span><\/td>\n<\/tr>\n<tr>\n<td width=\"200\"><span class=\"fontstyle2\">Treinamento ou trabalho leve (60 g\/dia)<\/span><\/td>\n<\/tr>\n<tr>\n<td width=\"200\"><span class=\"fontstyle2\">Treinamento ou trabalho moderado (80 g\/dia)<\/span><\/td>\n<\/tr>\n<tr>\n<td width=\"200\"><span class=\"fontstyle2\">Treinamento ou trabalho pesado (100 g\/dia)<\/span><\/td>\n<\/tr>\n<tr>\n<td width=\"200\"><span class=\"fontstyle2\">Equ\u00eddeos em crescimento: 60 g\/dia<\/span><\/td>\n<\/tr>\n<tr>\n<td width=\"200\"><span class=\"fontstyle2\">F\u00eameas em gesta\u00e7\u00e3o: 90 g\/dia<\/span><\/td>\n<\/tr>\n<tr>\n<td width=\"200\"><span class=\"fontstyle2\">Animais debilitados ou deficientes nutricionalmente: 100 g\/dia<\/span><\/td>\n<\/tr>\n<\/tbody>\n<\/table>\n<p><span class=\"fontstyle2\">Conservar em local coberto, fresco, arejado, livre de insetos e roedoras e devidamente embalado.<br \/>\nImpedir que entre em contato com luz solar direta e umidade. N\u00e3o armazenar junto a combust\u00edveis,<br \/>\nfertilizantes, produtos t\u00f3xicos e\/ou em contato direto com o solo e paredes<\/span><\/p>\n<h2>N\u00edveis de Garantia<\/h2>\n<p>C\u00e1lcio (min\/m\u00e1x) 140\/210 g<\/p>\n<p>F\u00f3sforo 96 g<\/p>\n<p>Magn\u00e9sio 14 g<\/p>\n<p>Enxofre 12 g<\/p>\n<p>Cobalto 200 mg<\/p>\n<p>Cobre 1.800 mg<\/p>\n<p>Iodo 36 mg<\/p>\n<p>Ferro 2.500 mg<\/p>\n<p>Mangan\u00eas 1.000 mg<\/p>\n<p>Sel\u00eanio 28 mg<\/p>\n<p>Zinco 5.000 mg<\/p>\n<p>Fluor (max) 960 mg<\/p>\n<p>Vitamina A 1.000.000 U.I<\/p>\n<p>Vitamina D3 110.000 U.I<\/p>\n<p>Vitamina E 2.500 U.I<\/p>\n<p>Vitamina B1 190 mg<\/p>\n<p>Pantotenato de c\u00e1lcio 600 mg<\/p>\n<p>Vitamina B6 80mg<\/p>\n<p>Vitamina B12 1.100 mcg<\/p>\n<p>Vitamina C 174 mg<\/p>\n<p>Biotina 13 mg<\/p>\n<p>\u00c1cido F\u00f3lico 74 mg<\/p>\n<p>Niacina 600 mg<\/p>\n<p>Colina 5.000 mg<\/p>\n<p>Etoxiquim 150 mg<\/p>\n<p>DL &#8211; Metionina 10g<\/p>\n<p>L- Metionina 10g<\/p>\n<p>L- Lisina 30 g<\/p>\n<p>\u00c1cido Asp\u00e1stico (min) 5.340 mg<\/p>\n<p>\u00c1cido Glut\u00e2mico (min) 6.600 mg<\/p>\n<p>Alanina (min) 3.470 mg<\/p>\n<p>Arginina (min) 1.990 mg<\/p>\n<p>Ciste\u00edna (min) 360 mg<\/p>\n<p>Fenilalanina (min) 1.960 mg<\/p>\n<p>Glicina (min) 2.330 mg<\/p>\n<p>Histidina (min) 990 mg<\/p>\n<p>Isoleucina (min) 2.430 mg<\/p>\n<p>Leucina (min) 3.580 mg<\/p>\n<p>Prolina (min) 1.500 mg<\/p>\n<p>Serina (min) 2.715 mg<\/p>\n<p>Tirosina (min) 3.400 mg<\/p>\n<p>Treonina (min) 2.450 mg<\/p>\n<p>Triptofano (min) 375 mg<\/p>\n<p>Valina (min) 3.000 mg<\/p>\n","protected":false},"excerpt":{"rendered":"<h2>Indica\u00e7\u00e3o<\/h2>\n<p><span class=\"fontstyle0\">Aditivo vitam\u00ednico para mistura indicado para fabrica\u00e7\u00e3o de<br \/>\nra\u00e7\u00f5es destinadas \u00e0 alimenta\u00e7\u00e3o de equinos em crescimento e<br \/>\nna fase adulta (manuten\u00e7\u00e3o, gesta\u00e7\u00e3o, em trabalho ou atletas).<\/span><\/p>\n<p>&nbsp;<\/p>\n","protected":false},"featured_media":915,"comment_status":"open","ping_status":"closed","template":"","meta":{"_joinchat":[]},"product_cat":[27],"product_tag":[40],"class_list":{"0":"post-832","1":"product","2":"type-product","3":"status-publish","4":"has-post-thumbnail","6":"product_cat-equinos","7":"product_tag-equinos","9":"first","10":"instock","11":"taxable","12":"shipping-taxable","13":"purchasable","14":"product-type-simple","15":"add-to-wishlist-after_add_to_cart"},"jetpack_sharing_enabled":true,"_links":{"self":[{"href":"https:\/\/www.dukamp.com.br\/index.php?rest_route=\/wp\/v2\/product\/832","targetHints":{"allow":["GET"]}}],"collection":[{"href":"https:\/\/www.dukamp.com.br\/index.php?rest_route=\/wp\/v2\/product"}],"about":[{"href":"https:\/\/www.dukamp.com.br\/index.php?rest_route=\/wp\/v2\/types\/product"}],"replies":[{"embeddable":true,"href":"https:\/\/www.dukamp.com.br\/index.php?rest_route=%2Fwp%2Fv2%2Fcomments&post=832"}],"wp:featuredmedia":[{"embeddable":true,"href":"https:\/\/www.dukamp.com.br\/index.php?rest_route=\/wp\/v2\/media\/915"}],"wp:attachment":[{"href":"https:\/\/www.dukamp.com.br\/index.php?rest_route=%2Fwp%2Fv2%2Fmedia&parent=832"}],"wp:term":[{"taxonomy":"product_cat","embeddable":true,"href":"https:\/\/www.dukamp.com.br\/index.php?rest_route=%2Fwp%2Fv2%2Fproduct_cat&post=832"},{"taxonomy":"product_tag","embeddable":true,"href":"https:\/\/www.dukamp.com.br\/index.php?rest_route=%2Fwp%2Fv2%2Fproduct_tag&post=832"}],"curies":[{"name":"wp","href":"https:\/\/api.w.org\/{rel}","templated":true}]}}