{"id":830,"date":"2024-07-19T12:40:02","date_gmt":"2024-07-19T12:40:02","guid":{"rendered":"https:\/\/dukamp.com.br\/?product=011738aditivo-babykamp-ovinos-gold-10kg-000-44900-18700401100040-78945-n"},"modified":"2024-07-30T12:52:24","modified_gmt":"2024-07-30T12:52:24","slug":"aditivo-babykamp-ovinos-gold-10kg","status":"publish","type":"product","link":"https:\/\/www.dukamp.com.br\/?product=aditivo-babykamp-ovinos-gold-10kg","title":{"rendered":"ADITIVO BABYKAMP OVINOS GOLD 10KG"},"content":{"rendered":"<h2>Indica\u00e7\u00e3o<\/h2>\n<p><span class=\"fontstyle0\">Aditivo para mistura, indicado para potencializar a express\u00e3o<br \/>\ngen\u00e9tica de ovinos, do nascimento at\u00e9 o fim da fase de<br \/>\ncrescimento. Tamb\u00e9m \u00e9 indicado para o preparo de ovinos de<br \/>\nelite para exposi\u00e7\u00f5es.<\/span><\/p>\n<h2>Instru\u00e7\u00f5es de uso<\/h2>\n<p><span class=\"fontstyle0\">Administrar o aditivo misturado \u00e0s ra\u00e7\u00f5es durante sua<br \/>\nconfec\u00e7\u00e3o ou atrav\u00e9s do m\u00e9todo \u201ctop dress\u201d, isto \u00e9, polvilhando<br \/>\no produto sobre o alimento no cocho. Para misturar \u00e0 ra\u00e7\u00e3o<br \/>\ndurante a confec\u00e7\u00e3o, utilize entre 2 e 3% na mistura (ou entre<br \/>\n20 e 30 kg do produto por tonelada de ra\u00e7\u00e3o). Da ra\u00e7\u00e3o<br \/>\npreparada, fornecer entre 350 e 500 gramas para cada 10 kg de<br \/>\npeso corporal.<br \/>\nCaso opte pelo m\u00e9todo \u201ctop dress\u201d, a dose di\u00e1ria por cabe\u00e7a<br \/>\nrecomendada \u00e9 de 1 grama para cada kg de peso corporal.<\/span><\/p>\n<p><span class=\"fontstyle0\">Conservar em local coberto, fresco, arejado, livre de insetos e roedoras e devidamente embalado.<br \/>\nImpedir que entre em contato com luz solar direta e umidade. N\u00e3o armazenar junto a combust\u00edveis,<br \/>\nfertilizantes, produtos t\u00f3xicos e\/ou em contato direto com o solo e paredes.<\/span><\/p>\n<h2>N\u00edveis de Garantia<\/h2>\n<p>C\u00e1lcio (min\/max)<\/p>\n<p>F\u00f3sforo 50 g<\/p>\n<p>Magn\u00e9sio 27 g<\/p>\n<p>Pot\u00e1ssio 18 g<\/p>\n<p>S\u00f3dio 20 g<\/p>\n<p>Enxofre 20 g<\/p>\n<p>Cobalto 20 mg<\/p>\n<p>Iodo 35 mg<\/p>\n<p>Ferro 2.500 mg<\/p>\n<p>Mangan\u00eas 500 mg<\/p>\n<p>Sel\u00eanio 12 mg<\/p>\n<p>Zinco 2.000 mg<\/p>\n<p>Cromo 10 mg<\/p>\n<p>Fl\u00faor (max) 1.500 mg<\/p>\n<p>Vitamina A 98.000 U.I<\/p>\n<p>Vitamina D3 14.000 U.I<\/p>\n<p>Vitamina E 1.000 U.I<\/p>\n<p>Etoxiquin 150 mg<\/p>\n<p>Monensina S\u00f3dica 310 mg<\/p>\n<p>&nbsp;<\/p>\n","protected":false},"excerpt":{"rendered":"<h2>Indica\u00e7\u00e3o<\/h2>\n<p><span class=\"fontstyle0\">Aditivo para mistura, indicado para potencializar a express\u00e3o<br \/>\ngen\u00e9tica de ovinos, do nascimento at\u00e9 o fim da fase de<br \/>\ncrescimento. Tamb\u00e9m \u00e9 indicado para o preparo de ovinos de<br \/>\nelite para exposi\u00e7\u00f5es.<\/span><\/p>\n<p>&nbsp;<\/p>\n<p>&nbsp;<\/p>\n","protected":false},"featured_media":929,"comment_status":"open","ping_status":"closed","template":"","meta":{"_joinchat":[]},"product_cat":[28],"product_tag":[41],"class_list":{"0":"post-830","1":"product","2":"type-product","3":"status-publish","4":"has-post-thumbnail","6":"product_cat-ovinos","7":"product_tag-ovinos","9":"first","10":"instock","11":"taxable","12":"shipping-taxable","13":"purchasable","14":"product-type-simple","15":"add-to-wishlist-after_add_to_cart"},"jetpack_sharing_enabled":true,"_links":{"self":[{"href":"https:\/\/www.dukamp.com.br\/index.php?rest_route=\/wp\/v2\/product\/830","targetHints":{"allow":["GET"]}}],"collection":[{"href":"https:\/\/www.dukamp.com.br\/index.php?rest_route=\/wp\/v2\/product"}],"about":[{"href":"https:\/\/www.dukamp.com.br\/index.php?rest_route=\/wp\/v2\/types\/product"}],"replies":[{"embeddable":true,"href":"https:\/\/www.dukamp.com.br\/index.php?rest_route=%2Fwp%2Fv2%2Fcomments&post=830"}],"wp:featuredmedia":[{"embeddable":true,"href":"https:\/\/www.dukamp.com.br\/index.php?rest_route=\/wp\/v2\/media\/929"}],"wp:attachment":[{"href":"https:\/\/www.dukamp.com.br\/index.php?rest_route=%2Fwp%2Fv2%2Fmedia&parent=830"}],"wp:term":[{"taxonomy":"product_cat","embeddable":true,"href":"https:\/\/www.dukamp.com.br\/index.php?rest_route=%2Fwp%2Fv2%2Fproduct_cat&post=830"},{"taxonomy":"product_tag","embeddable":true,"href":"https:\/\/www.dukamp.com.br\/index.php?rest_route=%2Fwp%2Fv2%2Fproduct_tag&post=830"}],"curies":[{"name":"wp","href":"https:\/\/api.w.org\/{rel}","templated":true}]}}