{"id":97,"date":"2024-06-27T13:03:44","date_gmt":"2024-06-27T13:03:44","guid":{"rendered":"https:\/\/dukamp.com.br\/?page_id=97"},"modified":"2024-07-15T15:55:27","modified_gmt":"2024-07-15T15:55:27","slug":"politica-de-reembolso-e-devolucao","status":"publish","type":"page","link":"https:\/\/www.dukamp.com.br\/?page_id=97","title":{"rendered":"Politica de reembolso e devolu\u00e7\u00e3o"},"content":{"rendered":"\t\t<div data-elementor-type=\"wp-page\" data-elementor-id=\"97\" class=\"elementor elementor-97\" data-elementor-post-type=\"page\">\n\t\t\t\t<div class=\"elementor-element elementor-element-acab692 e-con-full e-flex e-con e-parent\" data-id=\"acab692\" data-element_type=\"container\">\n\t\t\t\t<div class=\"elementor-element elementor-element-3caa8e1 elementor-widget elementor-widget-text-editor\" data-id=\"3caa8e1\" data-element_type=\"widget\" data-widget_type=\"text-editor.default\">\n\t\t\t\t<div class=\"elementor-widget-container\">\n\t\t\t\t\t\t\t<h4 data-content-type=\"heading\" data-appearance=\"default\" data-element=\"main\">Nosso objetivo \u00e9 garantir a total satisfa\u00e7\u00e3o dos nossos clientes. Por isso, criamos uma Pol\u00edtica de Troca e Devolu\u00e7\u00f5es baseada no C\u00f3digo de Defesa do Consumidor e no C\u00f3digo Civil Brasileiro. Confira os detalhes abaixo:<\/h4><div data-content-type=\"text\" data-appearance=\"default\" data-element=\"main\"><p><strong>Desist\u00eancia ou Arrependimento:<\/strong><\/p><p>Voc\u00ea tem o direito de desistir da compra no prazo de 7 dias corridos, contados a partir da data de recebimento do produto. Para solicitar a devolu\u00e7\u00e3o, entre em contato conosco dentro desse prazo. Voc\u00ea pode optar pela restitui\u00e7\u00e3o do valor da compra, incluindo o frete, ou utilizar o valor como cr\u00e9dito para a compra de outro item.<\/p><h4><strong>Defeitos de Fabrica\u00e7\u00e3o ou Mau Funcionamento:<\/strong><\/h4><p>Caso o produto apresente mau funcionamento devido a defeitos de fabrica\u00e7\u00e3o, voc\u00ea tem 30 dias corridos, contados a partir da data de recebimento do produto, para reportar o problema. Para isso, entre em contato conosco informando o n\u00famero do Documento Fiscal DANFE, que consta o endere\u00e7o de origem.<\/p><p>\u00c9 importante ressaltar que, caso seja constatado mau uso, aus\u00eancia de manual, acess\u00f3rios, nota fiscal ou embalagem violada, n\u00e3o ser\u00e1 aceita a devolu\u00e7\u00e3o e n\u00e3o faremos a restitui\u00e7\u00e3o do valor. Nesses casos, o produto poder\u00e1 ser reenviado ao cliente, com frete a pagar, sem consulta pr\u00e9via. Portanto, para sua seguran\u00e7a, verifique se o produto atende \u00e0s suas expectativas antes de abrir a embalagem.<\/p><h4><strong>Produto em Desacordo com o Pedido:<\/strong><\/h4><p><strong>No ato da entrega:\u00a0<\/strong>Se voc\u00ea perceber alguma inconformidade entre o produto entregue e o que foi solicitado, recuse a entrega e entre em contato conosco atrav\u00e9s do e-mail <span style=\"color: #0000ff;\"><a style=\"color: #0000ff;\" href=\"mailto:contato@dukamp.com.br\">contato@dukamp.com.br<\/a><\/span><\/p><p><strong>Ap\u00f3s a entrega:\u00a0<\/strong>Caso a inconformidade seja constatada ap\u00f3s a entrega, entre em contato conosco atrav\u00e9s do e-mail\u00a0<span style=\"color: #0000ff;\"><a style=\"color: #0000ff;\" href=\"mailto:contato@dukamp.com.br\">contato@dukamp.com.br<\/a><\/span>\u00a0em at\u00e9 72 horas ap\u00f3s o recebimento da mercadoria.<\/p><h4>Avarias:<\/h4><p><strong>No ato da entrega:\u00a0<\/strong>Se voc\u00ea identificar alguma avaria no produto durante a entrega, recuse-o e entre em contato conosco atrav\u00e9s do e-mail <span style=\"color: #0000ff;\"><a style=\"color: #0000ff;\" href=\"mailto:contato@dukamp.com.br\">contato@dukamp.com.br<\/a><\/span><\/p><p><strong>Ap\u00f3s a entrega:\u00a0<\/strong>Caso a avaria seja percebida ap\u00f3s o recebimento, entre em contato conosco atrav\u00e9s do e-mail <span style=\"color: #0000ff;\"><a style=\"color: #0000ff;\" href=\"mailto:contato@dukamp.com.br\">contato@dukamp.com.br<\/a><\/span> em at\u00e9 72 horas ap\u00f3s o recebimento da mercadoria.<\/p><h4>Informa\u00e7\u00f5es Gerais:<\/h4><p><strong>Antes de solicitar a troca ou devolu\u00e7\u00e3o de um produto, verifique o seguinte:<\/strong><\/p><ul><li>Leia atentamente a descri\u00e7\u00e3o e caracter\u00edsticas do produto.<\/li><li>Tenha em m\u00e3os o documento fiscal (DANFE) e a etiqueta de postagem do produto.<\/li><li>Verifique a voltagem do produto, garantindo que corresponda \u00e0 regi\u00e3o onde ser\u00e1 utilizado.<\/li><li>Observe a cor do produto, quando especificada. Caso n\u00e3o esteja especificada, entre em contato conosco atrav\u00e9s do e-mail <span style=\"color: #0000ff;\"><a style=\"color: #0000ff;\" href=\"mailto:contato@dukamp.com.br\">contato@dukamp.com.br<\/a><\/span><br \/>Verifique as dimens\u00f5es do produto com aten\u00e7\u00e3o.<\/li><\/ul><h4>Se todas as situa\u00e7\u00f5es acima estiverem em ordem e voc\u00ea ainda tiver d\u00favidas ou problemas, entre em contato com a nossa\u00a0Central de Ajuda. Estaremos \u00e0 disposi\u00e7\u00e3o para ajudar e solucionar.<\/h4><\/div>\t\t\t\t\t\t<\/div>\n\t\t\t\t<\/div>\n\t\t\t\t<\/div>\n\t\t\t\t<\/div>\n\t\t","protected":false},"excerpt":{"rendered":"<p>Nosso objetivo \u00e9 garantir a total satisfa\u00e7\u00e3o dos nossos clientes. Por isso, criamos uma Pol\u00edtica de Troca e Devolu\u00e7\u00f5es baseada no C\u00f3digo de Defesa do Consumidor e no C\u00f3digo Civil Brasileiro. Confira os detalhes abaixo: Desist\u00eancia ou Arrependimento: Voc\u00ea tem o direito de desistir da compra no prazo de 7 dias corridos, contados a partir [&hellip;]<\/p>\n","protected":false},"author":1,"featured_media":0,"parent":0,"menu_order":0,"comment_status":"closed","ping_status":"closed","template":"","meta":{"_joinchat":[],"footnotes":""},"class_list":["post-97","page","type-page","status-publish","hentry"],"jetpack_sharing_enabled":true,"_links":{"self":[{"href":"https:\/\/www.dukamp.com.br\/index.php?rest_route=\/wp\/v2\/pages\/97","targetHints":{"allow":["GET"]}}],"collection":[{"href":"https:\/\/www.dukamp.com.br\/index.php?rest_route=\/wp\/v2\/pages"}],"about":[{"href":"https:\/\/www.dukamp.com.br\/index.php?rest_route=\/wp\/v2\/types\/page"}],"author":[{"embeddable":true,"href":"https:\/\/www.dukamp.com.br\/index.php?rest_route=\/wp\/v2\/users\/1"}],"replies":[{"embeddable":true,"href":"https:\/\/www.dukamp.com.br\/index.php?rest_route=%2Fwp%2Fv2%2Fcomments&post=97"}],"version-history":[{"count":10,"href":"https:\/\/www.dukamp.com.br\/index.php?rest_route=\/wp\/v2\/pages\/97\/revisions"}],"predecessor-version":[{"id":615,"href":"https:\/\/www.dukamp.com.br\/index.php?rest_route=\/wp\/v2\/pages\/97\/revisions\/615"}],"wp:attachment":[{"href":"https:\/\/www.dukamp.com.br\/index.php?rest_route=%2Fwp%2Fv2%2Fmedia&parent=97"}],"curies":[{"name":"wp","href":"https:\/\/api.w.org\/{rel}","templated":true}]}}