{"id":95,"date":"2024-06-27T13:02:57","date_gmt":"2024-06-27T13:02:57","guid":{"rendered":"https:\/\/dukamp.com.br\/?page_id=95"},"modified":"2024-07-17T15:13:17","modified_gmt":"2024-07-17T15:13:17","slug":"politicas-de-privacidade","status":"publish","type":"page","link":"https:\/\/www.dukamp.com.br\/?page_id=95","title":{"rendered":"Politicas de privacidade"},"content":{"rendered":"\t\t<div data-elementor-type=\"wp-page\" data-elementor-id=\"95\" class=\"elementor elementor-95\" data-elementor-post-type=\"page\">\n\t\t\t\t<div class=\"elementor-element elementor-element-9fb248b e-flex e-con-boxed e-con e-parent\" data-id=\"9fb248b\" data-element_type=\"container\">\n\t\t\t\t\t<div class=\"e-con-inner\">\n\t\t\t\t<div class=\"elementor-element elementor-element-931c784 elementor-widget elementor-widget-text-editor\" data-id=\"931c784\" data-element_type=\"widget\" data-widget_type=\"text-editor.default\">\n\t\t\t\t<div class=\"elementor-widget-container\">\n\t\t\t\t\t\t\t<h4>Nossa prioridade \u00e9 garantir a seguran\u00e7a e privacidade de nossos clientes durante suas compras online. Por isso, implementamos medidas de prote\u00e7\u00e3o avan\u00e7adas e adotamos pol\u00edticas rigorosas.<\/h4><div style=\"overflow-wrap: break-word; color: #2b3945; font-family: Mukta, sans-serif; background-color: #fafafa;\" data-content-type=\"text\" data-appearance=\"default\" data-element=\"main\"><h2 style=\"font-family: Mukta, sans-serif; font-weight: bold; line-height: 1.1; font-size: 1.8rem; margin-top: 2.2rem; margin-bottom: 1.2rem; text-transform: unset !important; color: #13331f;\"><span style=\"color: #333333;\">Veja como voc\u00ea pode ter uma experi\u00eacia segura em nossa loja:<\/span><\/h2><h5 style=\"font-family: Mukta, sans-serif !important; font-weight: bold; line-height: 1.1; font-size: 1.6rem; margin-top: 2.2rem; margin-bottom: 2.2rem; text-transform: uppercase;\"><span style=\"color: #333333;\">COMPRA SEGURA<\/span> NA INTERNET:<\/h5><p style=\"margin-top: 0rem; margin-bottom: 1rem;\">Ao preencher seus cadastros em nosso site, voc\u00ea pode ter tranquilidade, pois utilizamos SSL (Secure Socket Layer) como criptografia de dados. Isso significa que todas as informa\u00e7\u00f5es transmitidas entre voc\u00ea e nosso site s\u00e3o protegidas. Verifique se o endere\u00e7o do site come\u00e7a com &#8220;https:\/\/&#8221; e observe o \u00edcone de cadeado ativado em seu navegador.<\/p><h5 style=\"font-family: Mukta, sans-serif !important; font-weight: bold; line-height: 1.1; font-size: 1.6rem; margin-top: 2.2rem; margin-bottom: 2.2rem; text-transform: uppercase;\">ARQUIVOS SEGUROS:<\/h5><p style=\"margin-top: 0rem; margin-bottom: 1rem;\">Baixar arquivos em nosso site \u00e9 seguro, pois seguimos pol\u00edticas claras de privacidade e seguran\u00e7a. Priorizamos a confiabilidade de fontes conhecidas, garantindo a integridade dos arquivos disponibilizados.<\/p><h5 style=\"font-family: Mukta, sans-serif !important; font-weight: bold; line-height: 1.1; font-size: 1.6rem; margin-top: 2.2rem; margin-bottom: 2.2rem; text-transform: uppercase;\">INTERNET BANKING:<\/h5><p style=\"margin-top: 0rem; margin-bottom: 1rem;\">Para opera\u00e7\u00f5es de Internet banking, recomendamos acessar o site do banco digitando o endere\u00e7o diretamente em seu navegador. Evite utilizar links de e-mails ou favoritos, pois isso pode direcion\u00e1-lo a sites fraudulentos. Sua seguran\u00e7a \u00e9 importante para n\u00f3s.<\/p><h5 style=\"font-family: Mukta, sans-serif !important; font-weight: bold; line-height: 1.1; font-size: 1.6rem; margin-top: 2.2rem; margin-bottom: 2.2rem; text-transform: uppercase;\">COMPRAS COM CART\u00c3O DE CR\u00c9DITO:<\/h5><p style=\"margin-top: 0rem; margin-bottom: 1rem;\">Realizar compras com cart\u00f5es de cr\u00e9dito em nossa loja virtual \u00e9 seguro. Trabalhamos com marcas reconhecidas, garantindo transa\u00e7\u00f5es seguras e prote\u00e7\u00e3o para seus dados financeiros.<\/p><h5 style=\"font-family: Mukta, sans-serif !important; font-weight: bold; line-height: 1.1; font-size: 1.6rem; margin-top: 2.2rem; margin-bottom: 2.2rem; text-transform: uppercase;\">CERTIFICA\u00c7\u00c3O DIGITAL:<\/h5><p style=\"margin-top: 0rem; margin-bottom: 1rem;\">Utilizamos certificados digitais para estabelecer uma comunica\u00e7\u00e3o segura e autenticar a identidade dos usu\u00e1rios. Isso proporciona uma camada adicional de seguran\u00e7a para suas transa\u00e7\u00f5es online.<\/p><h4 style=\"font-family: Mukta, sans-serif; font-weight: bold; line-height: 1.1; font-size: 1.8rem; margin-top: 2.2rem; margin-bottom: 1.2rem; text-transform: unset !important; color: #13331f;\">Site seguro e protegendo seus dados<\/h4><p style=\"margin-top: 0rem; margin-bottom: 1rem;\">Em nosso site, implementamos o mais moderno sistema de seguran\u00e7a com criptografia SSL de 128 bits. Essa tecnologia avan\u00e7ada garante a prote\u00e7\u00e3o das informa\u00e7\u00f5es que voc\u00ea fornece durante suas compras. Quando voc\u00ea acessa nosso site, somente nosso servidor pode reconhecer as informa\u00e7\u00f5es transmitidas, mantendo seus dados em sigilo absoluto.<\/p><p style=\"margin-top: 0rem; margin-bottom: 1rem;\">Cada vez que voc\u00ea acessa nossa loja, \u00e9 criada uma nova chave de encripta\u00e7\u00e3o entre seu computador e o nosso servidor. Isso impossibilita que terceiros interceptem sua transa\u00e7\u00e3o por meio de programas de computador. Seus dados s\u00e3o transformados em s\u00edmbolos criptografados que s\u00f3 podem ser decodificados por nosso servidor.<\/p><p style=\"margin-top: 0rem; margin-bottom: 1rem;\">Al\u00e9m disso, nosso sistema conta com um firewall que impede a entrada de usu\u00e1rios n\u00e3o autorizados, refor\u00e7ando ainda mais a seguran\u00e7a de suas informa\u00e7\u00f5es.<\/p><p style=\"margin-top: 0rem; margin-bottom: 1rem;\">Para verificar que voc\u00ea est\u00e1 em uma \u00e1rea segura em nosso site, observe a presen\u00e7a de um cadeado na margem inferior de sua tela.<\/p><p style=\"margin-top: 0rem; margin-bottom: 1rem;\">Recomendamos que voc\u00ea utilize vers\u00f5es atualizadas de navegadores para garantir um processamento de informa\u00e7\u00f5es sem problemas. Navegadores desatualizados podem comprometer a seguran\u00e7a dos seus dados, por isso \u00e9 importante manter-se atualizado.<\/p><h5 style=\"font-family: Mukta, sans-serif !important; font-weight: bold; line-height: 1.1; font-size: 1.6rem; margin-top: 2.2rem; margin-bottom: 2.2rem; text-transform: uppercase;\">SEGURAN\u00c7A \u00c9 UMA PRIORIDADE NA Dukamp ONLINE: SUA TRANQUILIDADE \u00c9 NOSSO COMPROMISSO<\/h5><p style=\"margin-top: 0rem; margin-bottom: 1rem;\"><span style=\"font-weight: bold;\">Na Dukamp Online, levamos a seguran\u00e7a de seus dados e a privacidade das informa\u00e7\u00f5es a s\u00e9rio. Desenvolvemos uma pol\u00edtica de privacidade baseada nas melhores pr\u00e1ticas do mercado de com\u00e9rcio eletr\u00f4nico.<\/span><\/p><\/div>\t\t\t\t\t\t<\/div>\n\t\t\t\t<\/div>\n\t\t\t\t\t<\/div>\n\t\t\t\t<\/div>\n\t\t\t\t<\/div>\n\t\t","protected":false},"excerpt":{"rendered":"<p>Nossa prioridade \u00e9 garantir a seguran\u00e7a e privacidade de nossos clientes durante suas compras online. Por isso, implementamos medidas de prote\u00e7\u00e3o avan\u00e7adas e adotamos pol\u00edticas rigorosas. Veja como voc\u00ea pode ter uma experi\u00eacia segura em nossa loja: COMPRA SEGURA NA INTERNET: Ao preencher seus cadastros em nosso site, voc\u00ea pode ter tranquilidade, pois utilizamos SSL [&hellip;]<\/p>\n","protected":false},"author":1,"featured_media":0,"parent":0,"menu_order":0,"comment_status":"closed","ping_status":"closed","template":"","meta":{"_joinchat":[],"footnotes":""},"class_list":["post-95","page","type-page","status-publish","hentry"],"jetpack_sharing_enabled":true,"_links":{"self":[{"href":"https:\/\/www.dukamp.com.br\/index.php?rest_route=\/wp\/v2\/pages\/95","targetHints":{"allow":["GET"]}}],"collection":[{"href":"https:\/\/www.dukamp.com.br\/index.php?rest_route=\/wp\/v2\/pages"}],"about":[{"href":"https:\/\/www.dukamp.com.br\/index.php?rest_route=\/wp\/v2\/types\/page"}],"author":[{"embeddable":true,"href":"https:\/\/www.dukamp.com.br\/index.php?rest_route=\/wp\/v2\/users\/1"}],"replies":[{"embeddable":true,"href":"https:\/\/www.dukamp.com.br\/index.php?rest_route=%2Fwp%2Fv2%2Fcomments&post=95"}],"version-history":[{"count":4,"href":"https:\/\/www.dukamp.com.br\/index.php?rest_route=\/wp\/v2\/pages\/95\/revisions"}],"predecessor-version":[{"id":827,"href":"https:\/\/www.dukamp.com.br\/index.php?rest_route=\/wp\/v2\/pages\/95\/revisions\/827"}],"wp:attachment":[{"href":"https:\/\/www.dukamp.com.br\/index.php?rest_route=%2Fwp%2Fv2%2Fmedia&parent=95"}],"curies":[{"name":"wp","href":"https:\/\/api.w.org\/{rel}","templated":true}]}}