{"id":933,"date":"2024-07-30T13:27:39","date_gmt":"2024-07-30T13:27:39","guid":{"rendered":"https:\/\/dukamp.com.br\/?page_id=933"},"modified":"2025-10-06T10:20:44","modified_gmt":"2025-10-06T13:20:44","slug":"933-2","status":"publish","type":"page","link":"https:\/\/www.dukamp.com.br\/?page_id=933","title":{"rendered":"Equipe de Vendas"},"content":{"rendered":"\t\t<div data-elementor-type=\"wp-page\" data-elementor-id=\"933\" class=\"elementor elementor-933\" data-elementor-post-type=\"page\">\n\t\t\t\t<div class=\"elementor-element elementor-element-d0099c3 e-flex e-con-boxed e-con e-parent\" data-id=\"d0099c3\" data-element_type=\"container\">\n\t\t\t\t\t<div class=\"e-con-inner\">\n\t\t\t\t<div class=\"elementor-element elementor-element-d6e3308 elementor-widget elementor-widget-heading\" data-id=\"d6e3308\" data-element_type=\"widget\" data-widget_type=\"heading.default\">\n\t\t\t\t<div class=\"elementor-widget-container\">\n\t\t\t<h2 class=\"elementor-heading-title elementor-size-default\">Compre Com Nossa Equipe de Vendas<\/h2>\t\t<\/div>\n\t\t\t\t<\/div>\n\t\t\t\t\t<\/div>\n\t\t\t\t<\/div>\n\t\t<div class=\"elementor-element elementor-element-d3262c0 e-flex e-con-boxed e-con e-parent\" data-id=\"d3262c0\" data-element_type=\"container\">\n\t\t\t\t\t<div class=\"e-con-inner\">\n\t\t\t\t<div class=\"elementor-element elementor-element-205b14a elementor-widget elementor-widget-text-editor\" data-id=\"205b14a\" data-element_type=\"widget\" data-widget_type=\"text-editor.default\">\n\t\t\t\t<div class=\"elementor-widget-container\">\n\t\t\t\t\t\t\t<p>Temos o prazer de apresentar a nossa dedicada equipe de vendas da Dukamp Sa\u00fade Animal. Nossos vendedores n\u00e3o s\u00e3o apenas experientes em com\u00e9rcio, mas tamb\u00e9m possuem um profundo conhecimento dos produtos da Dukamp. Eles trabalham em nossas lojas f\u00edsicas e agora est\u00e3o dispon\u00edveis online para auxiliar voc\u00ea pecuarista nas suas necessidades espec\u00edficas, garantindo os melhores pre\u00e7os e ofertas do mercado.<\/p>\t\t\t\t\t\t<\/div>\n\t\t\t\t<\/div>\n\t\t\t\t\t<\/div>\n\t\t\t\t<\/div>\n\t\t<div class=\"elementor-element elementor-element-369381b e-flex e-con-boxed e-con e-parent\" data-id=\"369381b\" data-element_type=\"container\">\n\t\t\t\t\t<div class=\"e-con-inner\">\n\t\t\t\t<div class=\"elementor-element elementor-element-124e93a elementor-widget elementor-widget-text-editor\" data-id=\"124e93a\" data-element_type=\"widget\" data-widget_type=\"text-editor.default\">\n\t\t\t\t<div class=\"elementor-widget-container\">\n\t\t\t\t\t\t\t<h3><strong>Como Podemos Ajudar<\/strong><\/h3><p>Nossa equipe est\u00e1 pronta com as melhores ofertas, melhores condi\u00e7\u00f5es de pagamento e\u00a0 para responder suas perguntas e oferecer as melhores recomenda\u00e7\u00f5es de produtos. Seja qual for a sua necessidade \u2013 suplementa\u00e7\u00e3o, ra\u00e7\u00f5es, ou qualquer outro produto de nutri\u00e7\u00e3o animal \u2013 estamos aqui para ajudar.<\/p><p>Conhe\u00e7a a experi\u00eancia da nossa equipe :\u00a0<\/p><p>Gerv\u00e1sio &#8211;\u00a0 desde 1999\u00a0 \u00a0 \u00a0 \u00a0|\u00a0 \u00a0Carlos desde 2024<span style=\"font-size: 1rem;\">\u00a0 \u00a0 \u00a0 \u00a0 \u00a0|\u00a0<\/span><span style=\"font-size: 1rem;\">Marquinhos &#8211; desde 1999\u00a0 \u00a0|\u00a0<\/span><\/p><p><strong>Contato R\u00e1pido via WhatsApp<\/strong><\/p><ul><li>Clique no bot\u00e3o do nome do vendedor para iniciar uma conversa diretamente com eles.<\/li><\/ul><p>Na Dukamp Sa\u00fade Animal, valorizamos o relacionamento com nossos clientes e estamos comprometidos em fornecer atendimento de alta qualidade. Nossa equipe de vendas est\u00e1 sempre dispon\u00edvel para garantir que voc\u00ea tenha a melhor experi\u00eancia de compra poss\u00edvel.<\/p>\t\t\t\t\t\t<\/div>\n\t\t\t\t<\/div>\n\t\t\t\t\t<\/div>\n\t\t\t\t<\/div>\n\t\t<div class=\"elementor-element elementor-element-4c62638 e-grid e-con-full e-con e-parent\" data-id=\"4c62638\" data-element_type=\"container\">\n\t\t\t\t<div class=\"elementor-element elementor-element-cafcfe3 elementor-widget elementor-widget-button\" data-id=\"cafcfe3\" data-element_type=\"widget\" data-widget_type=\"button.default\">\n\t\t\t\t<div class=\"elementor-widget-container\">\n\t\t\t\t\t\t\t<div class=\"elementor-button-wrapper\">\n\t\t\t\t\t<a class=\"elementor-button elementor-button-link elementor-size-sm elementor-animation-shrink\" href=\"https:\/\/api.whatsapp.com\/send\/?phone=5517991300242\">\n\t\t\t\t\t\t<span class=\"elementor-button-content-wrapper\">\n\t\t\t\t\t\t\t\t\t<span class=\"elementor-button-text\">Neia <\/span>\n\t\t\t\t\t<\/span>\n\t\t\t\t\t<\/a>\n\t\t\t\t<\/div>\n\t\t\t\t\t\t<\/div>\n\t\t\t\t<\/div>\n\t\t\t\t<div class=\"elementor-element elementor-element-7791019 elementor-widget elementor-widget-button\" data-id=\"7791019\" data-element_type=\"widget\" data-widget_type=\"button.default\">\n\t\t\t\t<div class=\"elementor-widget-container\">\n\t\t\t\t\t\t\t<div class=\"elementor-button-wrapper\">\n\t\t\t\t\t<a class=\"elementor-button elementor-button-link elementor-size-sm elementor-animation-shrink\" href=\"https:\/\/api.whatsapp.com\/send\/?phone=5517997846403\">\n\t\t\t\t\t\t<span class=\"elementor-button-content-wrapper\">\n\t\t\t\t\t\t\t\t\t<span class=\"elementor-button-text\">Cassiano  (Cac\u00e1)<\/span>\n\t\t\t\t\t<\/span>\n\t\t\t\t\t<\/a>\n\t\t\t\t<\/div>\n\t\t\t\t\t\t<\/div>\n\t\t\t\t<\/div>\n\t\t\t\t<div class=\"elementor-element elementor-element-bd237f4 elementor-widget__width-initial elementor-widget elementor-widget-button\" data-id=\"bd237f4\" data-element_type=\"widget\" data-widget_type=\"button.default\">\n\t\t\t\t<div class=\"elementor-widget-container\">\n\t\t\t\t\t\t\t<div class=\"elementor-button-wrapper\">\n\t\t\t\t\t<a class=\"elementor-button elementor-button-link elementor-size-sm elementor-animation-shrink\" href=\"https:\/\/api.whatsapp.com\/send\/?phone=5517992605858\">\n\t\t\t\t\t\t<span class=\"elementor-button-content-wrapper\">\n\t\t\t\t\t\t\t\t\t<span class=\"elementor-button-text\">Rafaela<\/span>\n\t\t\t\t\t<\/span>\n\t\t\t\t\t<\/a>\n\t\t\t\t<\/div>\n\t\t\t\t\t\t<\/div>\n\t\t\t\t<\/div>\n\t\t<div class=\"elementor-element elementor-element-a4daaa9 e-con-full e-flex e-con e-child\" data-id=\"a4daaa9\" data-element_type=\"container\">\n\t\t\t\t<div class=\"elementor-element elementor-element-46d4f41 elementor-widget elementor-widget-button\" data-id=\"46d4f41\" data-element_type=\"widget\" data-widget_type=\"button.default\">\n\t\t\t\t<div class=\"elementor-widget-container\">\n\t\t\t\t\t\t\t<div class=\"elementor-button-wrapper\">\n\t\t\t\t\t<a class=\"elementor-button elementor-button-link elementor-size-sm elementor-animation-shrink\" href=\"https:\/\/api.whatsapp.com\/send\/?phone=5517996118454\">\n\t\t\t\t\t\t<span class=\"elementor-button-content-wrapper\">\n\t\t\t\t\t\t\t\t\t<span class=\"elementor-button-text\">Zezinho<\/span>\n\t\t\t\t\t<\/span>\n\t\t\t\t\t<\/a>\n\t\t\t\t<\/div>\n\t\t\t\t\t\t<\/div>\n\t\t\t\t<\/div>\n\t\t\t\t<\/div>\n\t\t<div class=\"elementor-element elementor-element-dfcb146 e-con-full e-flex e-con e-child\" data-id=\"dfcb146\" data-element_type=\"container\">\n\t\t\t\t<div class=\"elementor-element elementor-element-f52b951 elementor-widget__width-initial elementor-widget elementor-widget-button\" data-id=\"f52b951\" data-element_type=\"widget\" data-widget_type=\"button.default\">\n\t\t\t\t<div class=\"elementor-widget-container\">\n\t\t\t\t\t\t\t<div class=\"elementor-button-wrapper\">\n\t\t\t\t\t<a class=\"elementor-button elementor-button-link elementor-size-sm elementor-animation-shrink\" href=\"https:\/\/api.whatsapp.com\/send\/?phone=5517997132146\">\n\t\t\t\t\t\t<span class=\"elementor-button-content-wrapper\">\n\t\t\t\t\t\t\t\t\t<span class=\"elementor-button-text\">Marquinho Veterin\u00e1rio<\/span>\n\t\t\t\t\t<\/span>\n\t\t\t\t\t<\/a>\n\t\t\t\t<\/div>\n\t\t\t\t\t\t<\/div>\n\t\t\t\t<\/div>\n\t\t\t\t<\/div>\n\t\t<div class=\"elementor-element elementor-element-6c34f02 e-con-full e-flex e-con e-child\" data-id=\"6c34f02\" data-element_type=\"container\">\n\t\t\t\t<\/div>\n\t\t<div class=\"elementor-element elementor-element-df2610d e-con-full e-flex e-con e-child\" data-id=\"df2610d\" data-element_type=\"container\">\n\t\t\t\t<div class=\"elementor-element elementor-element-62dfb16 elementor-widget__width-initial elementor-widget elementor-widget-button\" data-id=\"62dfb16\" data-element_type=\"widget\" data-widget_type=\"button.default\">\n\t\t\t\t<div class=\"elementor-widget-container\">\n\t\t\t\t\t\t\t<div class=\"elementor-button-wrapper\">\n\t\t\t\t\t<a class=\"elementor-button elementor-button-link elementor-size-sm elementor-animation-shrink\" href=\"https:\/\/api.whatsapp.com\/send\/?phone=5517996273771\">\n\t\t\t\t\t\t<span class=\"elementor-button-content-wrapper\">\n\t\t\t\t\t\t\t\t\t<span class=\"elementor-button-text\">Andressa<\/span>\n\t\t\t\t\t<\/span>\n\t\t\t\t\t<\/a>\n\t\t\t\t<\/div>\n\t\t\t\t\t\t<\/div>\n\t\t\t\t<\/div>\n\t\t\t\t<\/div>\n\t\t<div class=\"elementor-element elementor-element-3aa7371 e-con-full e-flex e-con e-child\" data-id=\"3aa7371\" data-element_type=\"container\">\n\t\t\t\t<div class=\"elementor-element elementor-element-c042877 elementor-widget__width-initial elementor-widget elementor-widget-button\" data-id=\"c042877\" data-element_type=\"widget\" data-widget_type=\"button.default\">\n\t\t\t\t<div class=\"elementor-widget-container\">\n\t\t\t\t\t\t\t<div class=\"elementor-button-wrapper\">\n\t\t\t\t\t<a class=\"elementor-button elementor-button-link elementor-size-sm elementor-animation-shrink\" href=\"https:\/\/api.whatsapp.com\/send\/?phone=5517991165076\">\n\t\t\t\t\t\t<span class=\"elementor-button-content-wrapper\">\n\t\t\t\t\t\t\t\t\t<span class=\"elementor-button-text\">Gerv\u00e1zio<\/span>\n\t\t\t\t\t<\/span>\n\t\t\t\t\t<\/a>\n\t\t\t\t<\/div>\n\t\t\t\t\t\t<\/div>\n\t\t\t\t<\/div>\n\t\t\t\t<\/div>\n\t\t<div class=\"elementor-element elementor-element-1e5e11f e-con-full e-flex e-con e-child\" data-id=\"1e5e11f\" data-element_type=\"container\">\n\t\t\t\t<\/div>\n\t\t\t\t<\/div>\n\t\t<div class=\"elementor-element elementor-element-ffa8536 e-flex e-con-boxed e-con e-parent\" data-id=\"ffa8536\" data-element_type=\"container\">\n\t\t\t\t\t<div class=\"e-con-inner\">\n\t\t\t\t\t<\/div>\n\t\t\t\t<\/div>\n\t\t\t\t<\/div>\n\t\t","protected":false},"excerpt":{"rendered":"<p>Compre Com Nossa Equipe de Vendas Temos o prazer de apresentar a nossa dedicada equipe de vendas da Dukamp Sa\u00fade Animal. Nossos vendedores n\u00e3o s\u00e3o apenas experientes em com\u00e9rcio, mas tamb\u00e9m possuem um profundo conhecimento dos produtos da Dukamp. Eles trabalham em nossas lojas f\u00edsicas e agora est\u00e3o dispon\u00edveis online para auxiliar voc\u00ea pecuarista nas [&hellip;]<\/p>\n","protected":false},"author":1,"featured_media":0,"parent":0,"menu_order":0,"comment_status":"closed","ping_status":"closed","template":"","meta":{"_joinchat":[],"footnotes":""},"class_list":["post-933","page","type-page","status-publish","hentry"],"jetpack_sharing_enabled":true,"_links":{"self":[{"href":"https:\/\/www.dukamp.com.br\/index.php?rest_route=\/wp\/v2\/pages\/933","targetHints":{"allow":["GET"]}}],"collection":[{"href":"https:\/\/www.dukamp.com.br\/index.php?rest_route=\/wp\/v2\/pages"}],"about":[{"href":"https:\/\/www.dukamp.com.br\/index.php?rest_route=\/wp\/v2\/types\/page"}],"author":[{"embeddable":true,"href":"https:\/\/www.dukamp.com.br\/index.php?rest_route=\/wp\/v2\/users\/1"}],"replies":[{"embeddable":true,"href":"https:\/\/www.dukamp.com.br\/index.php?rest_route=%2Fwp%2Fv2%2Fcomments&post=933"}],"version-history":[{"count":75,"href":"https:\/\/www.dukamp.com.br\/index.php?rest_route=\/wp\/v2\/pages\/933\/revisions"}],"predecessor-version":[{"id":5140,"href":"https:\/\/www.dukamp.com.br\/index.php?rest_route=\/wp\/v2\/pages\/933\/revisions\/5140"}],"wp:attachment":[{"href":"https:\/\/www.dukamp.com.br\/index.php?rest_route=%2Fwp%2Fv2%2Fmedia&parent=933"}],"curies":[{"name":"wp","href":"https:\/\/api.w.org\/{rel}","templated":true}]}}