{"id":531,"date":"2024-07-12T15:16:53","date_gmt":"2024-07-12T15:16:53","guid":{"rendered":"https:\/\/dukamp.com.br\/?page_id=531"},"modified":"2024-07-16T12:03:42","modified_gmt":"2024-07-16T12:03:42","slug":"politica-de-entrega","status":"publish","type":"page","link":"https:\/\/www.dukamp.com.br\/?page_id=531","title":{"rendered":"Pol\u00edtica de entrega"},"content":{"rendered":"\t\t<div data-elementor-type=\"wp-page\" data-elementor-id=\"531\" class=\"elementor elementor-531\" data-elementor-post-type=\"page\">\n\t\t\t\t<div class=\"elementor-element elementor-element-bdf5b3a e-con-full e-flex e-con e-parent\" data-id=\"bdf5b3a\" data-element_type=\"container\">\n\t\t\t\t<div class=\"elementor-element elementor-element-3fc2ed3 elementor-widget elementor-widget-text-editor\" data-id=\"3fc2ed3\" data-element_type=\"widget\" data-widget_type=\"text-editor.default\">\n\t\t\t\t<div class=\"elementor-widget-container\">\n\t\t\t\t\t\t\t<h4 data-content-type=\"heading\" data-appearance=\"default\" data-element=\"main\">Na nossa loja online, valorizamos a efici\u00eancia e a transpar\u00eancia no processo de entrega dos seus pedidos. Para garantir uma experi\u00eancia satisfat\u00f3ria, confira a nossa pol\u00edtica de entrega:<\/h4><div data-content-type=\"text\" data-appearance=\"default\" data-element=\"main\"><h3>\u00a0<\/h3><h3>PRAZO DE ENTREGA:<\/h3><ul><li>O prazo de entrega \u00e9 calculado em dias \u00fateis.<\/li><li>Realizamos entregas de segunda a sexta-feira, dentro do hor\u00e1rio comercial.<\/li><li>A contagem do prazo de entrega tem in\u00edcio ap\u00f3s a confirma\u00e7\u00e3o dos seus dados cadastrais e o pagamento ser confirmado. \u00c9 importante ressaltar que a an\u00e1lise dos dados cadastrais pode levar at\u00e9 um dia \u00fatil.<\/li><li>Para compras feitas com boleto banc\u00e1rio, o banco pode levar de dois a quatro dias \u00fateis para comunicar a Dukamp Online no processo de compensa\u00e7\u00e3o banc\u00e1ria.<\/li><li>A contagem do prazo de entrega \u00e9 baseada no hor\u00e1rio da aprova\u00e7\u00e3o do pagamento, n\u00e3o na hora da sua compra.<\/li><li><strong>M\u00e9todos de Entrega:\u00a0<\/strong>Utilizamos\u00a0 Transportadoras contratadas pela Dukamp Online para realizar as entregas.<br \/>Ao concluir o pedido, a estimativa de entrega fornecida refere-se \u00e0 primeira tentativa de entrega. Certifique-se de que haver\u00e1 algu\u00e9m respons\u00e1vel no local para receber o seu pedido.<\/li><li><strong>Entrega para Terceiros:\u00a0<\/strong>A entrega pode ser realizada a terceiros, como porteiros ou parentes, desde que haja algu\u00e9m dispon\u00edvel no local de entrega.<\/li><li><strong>Importante:\u00a0<\/strong>ap\u00f3s a emiss\u00e3o da Nota Fiscal, n\u00e3o \u00e9 poss\u00edvel fazer altera\u00e7\u00f5es no endere\u00e7o de entrega informado.<\/li><\/ul><h3>\u00a0<\/h3><h3>RESPONSABILIDADE DO CLIENTE:<\/h3><ul><li>\u00c9 de responsabilidade do cliente manter o endere\u00e7o cadastrado em nossa loja virtual atualizado.<\/li><li>Dados cadastrais incorretos ou incompletos podem causar atrasos desnecess\u00e1rios ou at\u00e9 mesmo impossibilitar a entrega. Certifique-se de fornecer informa\u00e7\u00f5es precisas.<\/li><li>A Dukamp Online n\u00e3o se responsabiliza por problemas decorrentes de fornecimento incorreto de endere\u00e7o.<\/li><li>Antes de finalizar o pedido, verifique se o endere\u00e7o de entrega est\u00e1 atualizado em nosso site.<\/li><li>O endere\u00e7o de entrega deve ser o local onde voc\u00ea deseja receber o produto adquirido em nossa loja, mesmo que n\u00e3o seja o seu endere\u00e7o residencial. Por exemplo, voc\u00ea pode cadastrar o endere\u00e7o do seu local de trabalho.<\/li><\/ul><h3>\u00a0<\/h3><h3>VERIFICANDO ATRASOS NA ENTREGA:<\/h3><p><strong>Se o prazo de entrega do seu pedido expirou, verifique as seguintes possibilidades:<\/strong><\/p><ul><li>Confira a data prevista de entrega do seu pedido.<\/li><li>Verifique se os dados informados para entrega est\u00e3o corretos.<\/li><li>Certifique-se de que o pagamento do seu pedido tenha sido aprovado.<\/li><li>A aus\u00eancia do cliente ou de uma pessoa autorizada no endere\u00e7o de entrega, dados cadastrais incorretos, recusa do produto pelo cliente ou mudan\u00e7a de endere\u00e7o podem resultar em falhas na entrega.<\/li><li>Em casos de eventos imprevistos, como enchentes, cat\u00e1strofes naturais, acidentes de grandes propor\u00e7\u00f5es ou outras situa\u00e7\u00f5es que impossibilitem a entrega, a entrega pode ser afetada.<\/li><\/ul><h4>\u00a0<\/h4><h4><strong id=\"CWF5TKH\">Se todas as situa\u00e7\u00f5es acima estiverem em ordem e voc\u00ea ainda tiver d\u00favidas ou problemas, entre em contato com a nossa\u00a0Central de Ajuda. Estaremos \u00e0 disposi\u00e7\u00e3o para ajudar e solucionar.<\/strong><\/h4><\/div>\t\t\t\t\t\t<\/div>\n\t\t\t\t<\/div>\n\t\t\t\t<\/div>\n\t\t<div class=\"elementor-element elementor-element-1e5aac3 e-flex e-con-boxed e-con e-parent\" data-id=\"1e5aac3\" data-element_type=\"container\">\n\t\t\t\t\t<div class=\"e-con-inner\">\n\t\t\t\t\t<\/div>\n\t\t\t\t<\/div>\n\t\t\t\t<\/div>\n\t\t","protected":false},"excerpt":{"rendered":"<p>Na nossa loja online, valorizamos a efici\u00eancia e a transpar\u00eancia no processo de entrega dos seus pedidos. Para garantir uma experi\u00eancia satisfat\u00f3ria, confira a nossa pol\u00edtica de entrega: \u00a0 PRAZO DE ENTREGA: O prazo de entrega \u00e9 calculado em dias \u00fateis. Realizamos entregas de segunda a sexta-feira, dentro do hor\u00e1rio comercial. A contagem do prazo [&hellip;]<\/p>\n","protected":false},"author":1,"featured_media":0,"parent":0,"menu_order":0,"comment_status":"closed","ping_status":"closed","template":"","meta":{"_joinchat":[],"footnotes":""},"class_list":["post-531","page","type-page","status-publish","hentry"],"jetpack_sharing_enabled":true,"_links":{"self":[{"href":"https:\/\/www.dukamp.com.br\/index.php?rest_route=\/wp\/v2\/pages\/531","targetHints":{"allow":["GET"]}}],"collection":[{"href":"https:\/\/www.dukamp.com.br\/index.php?rest_route=\/wp\/v2\/pages"}],"about":[{"href":"https:\/\/www.dukamp.com.br\/index.php?rest_route=\/wp\/v2\/types\/page"}],"author":[{"embeddable":true,"href":"https:\/\/www.dukamp.com.br\/index.php?rest_route=\/wp\/v2\/users\/1"}],"replies":[{"embeddable":true,"href":"https:\/\/www.dukamp.com.br\/index.php?rest_route=%2Fwp%2Fv2%2Fcomments&post=531"}],"version-history":[{"count":13,"href":"https:\/\/www.dukamp.com.br\/index.php?rest_route=\/wp\/v2\/pages\/531\/revisions"}],"predecessor-version":[{"id":626,"href":"https:\/\/www.dukamp.com.br\/index.php?rest_route=\/wp\/v2\/pages\/531\/revisions\/626"}],"wp:attachment":[{"href":"https:\/\/www.dukamp.com.br\/index.php?rest_route=%2Fwp%2Fv2%2Fmedia&parent=531"}],"curies":[{"name":"wp","href":"https:\/\/api.w.org\/{rel}","templated":true}]}}