{"id":503,"date":"2024-07-12T12:30:44","date_gmt":"2024-07-12T12:30:44","guid":{"rendered":"https:\/\/dukamp.com.br\/?page_id=503"},"modified":"2024-07-12T12:33:56","modified_gmt":"2024-07-12T12:33:56","slug":"nossas-unidades","status":"publish","type":"page","link":"https:\/\/www.dukamp.com.br\/?page_id=503","title":{"rendered":"Nossas Unidades"},"content":{"rendered":"\t\t<div data-elementor-type=\"wp-page\" data-elementor-id=\"503\" class=\"elementor elementor-503\" data-elementor-post-type=\"page\">\n\t\t\t\t<div class=\"elementor-element elementor-element-6a9e5e8 e-flex e-con-boxed e-con e-parent\" data-id=\"6a9e5e8\" data-element_type=\"container\">\n\t\t\t\t\t<div class=\"e-con-inner\">\n\t\t\t\t<div class=\"elementor-element elementor-element-b7b2765 elementor-widget__width-initial elementor-position-top elementor-widget elementor-widget-image-box\" data-id=\"b7b2765\" data-element_type=\"widget\" data-widget_type=\"image-box.default\">\n\t\t\t\t<div class=\"elementor-widget-container\">\n\t\t\t<div class=\"elementor-image-box-wrapper\"><figure class=\"elementor-image-box-img\"><a href=\"https:\/\/g.co\/kgs\/wCCzeAC\" tabindex=\"-1\"><img fetchpriority=\"high\" decoding=\"async\" width=\"764\" height=\"438\" src=\"https:\/\/www.dukamp.com.br\/wp-content\/uploads\/2024\/07\/duk-monte.png\" class=\"attachment-full size-full wp-image-506\" alt=\"\" srcset=\"https:\/\/www.dukamp.com.br\/wp-content\/uploads\/2024\/07\/duk-monte.png 764w, https:\/\/www.dukamp.com.br\/wp-content\/uploads\/2024\/07\/duk-monte-300x172.png 300w, https:\/\/www.dukamp.com.br\/wp-content\/uploads\/2024\/07\/duk-monte-600x344.png 600w, https:\/\/www.dukamp.com.br\/wp-content\/uploads\/2024\/07\/duk-monte-64x37.png 64w\" sizes=\"(max-width: 764px) 100vw, 764px\" \/><\/a><\/figure><div class=\"elementor-image-box-content\"><h4 class=\"elementor-image-box-title\"><a href=\"https:\/\/g.co\/kgs\/wCCzeAC\">Dukamp Monte Apraz\u00edvel<\/a><\/h4><p class=\"elementor-image-box-description\">.<\/p><\/div><\/div>\t\t<\/div>\n\t\t\t\t<\/div>\n\t\t\t\t\t<\/div>\n\t\t\t\t<\/div>\n\t\t<div class=\"elementor-element elementor-element-a770299 e-flex e-con-boxed e-con e-parent\" data-id=\"a770299\" data-element_type=\"container\">\n\t\t\t\t\t<div class=\"e-con-inner\">\n\t\t\t\t<div class=\"elementor-element elementor-element-f3a975a elementor-widget__width-initial elementor-widget elementor-widget-google_maps\" data-id=\"f3a975a\" data-element_type=\"widget\" data-widget_type=\"google_maps.default\">\n\t\t\t\t<div class=\"elementor-widget-container\">\n\t\t\t\t\t<div class=\"elementor-custom-embed\">\n\t\t\t<iframe loading=\"lazy\"\n\t\t\t\t\tsrc=\"https:\/\/maps.google.com\/maps?q=Av.%20Santos%20Dumont%2C%20403%20-%20Jardim%20Bom%20Jesus%2C%20Monte%20Apraz%C3%ADvel%20-%20SP%2C%2015150-000&#038;t=m&#038;z=14&#038;output=embed&#038;iwloc=near\"\n\t\t\t\t\ttitle=\"Av. Santos Dumont, 403 - Jardim Bom Jesus, Monte Apraz\u00edvel - SP, 15150-000\"\n\t\t\t\t\taria-label=\"Av. Santos Dumont, 403 - Jardim Bom Jesus, Monte Apraz\u00edvel - SP, 15150-000\"\n\t\t\t><\/iframe>\n\t\t<\/div>\n\t\t\t\t<\/div>\n\t\t\t\t<\/div>\n\t\t\t\t\t<\/div>\n\t\t\t\t<\/div>\n\t\t<div class=\"elementor-element elementor-element-81082ba e-flex e-con-boxed e-con e-parent\" data-id=\"81082ba\" data-element_type=\"container\">\n\t\t\t\t\t<div class=\"e-con-inner\">\n\t\t\t\t<div class=\"elementor-element elementor-element-efb61d5 elementor-widget__width-initial elementor-position-top elementor-widget elementor-widget-image-box\" data-id=\"efb61d5\" data-element_type=\"widget\" data-widget_type=\"image-box.default\">\n\t\t\t\t<div class=\"elementor-widget-container\">\n\t\t\t<div class=\"elementor-image-box-wrapper\"><figure class=\"elementor-image-box-img\"><a href=\"https:\/\/g.co\/kgs\/AxW9f5F\" tabindex=\"-1\"><img decoding=\"async\" width=\"799\" height=\"451\" src=\"https:\/\/www.dukamp.com.br\/wp-content\/uploads\/2024\/07\/dukamprp01.png\" class=\"attachment-full size-full wp-image-507\" alt=\"\" srcset=\"https:\/\/www.dukamp.com.br\/wp-content\/uploads\/2024\/07\/dukamprp01.png 799w, https:\/\/www.dukamp.com.br\/wp-content\/uploads\/2024\/07\/dukamprp01-300x169.png 300w, https:\/\/www.dukamp.com.br\/wp-content\/uploads\/2024\/07\/dukamprp01-768x434.png 768w, https:\/\/www.dukamp.com.br\/wp-content\/uploads\/2024\/07\/dukamprp01-600x339.png 600w, https:\/\/www.dukamp.com.br\/wp-content\/uploads\/2024\/07\/dukamprp01-64x36.png 64w\" sizes=\"(max-width: 799px) 100vw, 799px\" \/><\/a><\/figure><div class=\"elementor-image-box-content\"><h3 class=\"elementor-image-box-title\"><a href=\"https:\/\/g.co\/kgs\/AxW9f5F\">Dukamp S\u00e3o Jos\u00e9 do Rio Preto<\/a><\/h3><\/div><\/div>\t\t<\/div>\n\t\t\t\t<\/div>\n\t\t\t\t\t<\/div>\n\t\t\t\t<\/div>\n\t\t<div class=\"elementor-element elementor-element-34d75c9 e-flex e-con-boxed e-con e-parent\" data-id=\"34d75c9\" data-element_type=\"container\">\n\t\t\t\t\t<div class=\"e-con-inner\">\n\t\t\t\t<div class=\"elementor-element elementor-element-ab0e03f elementor-widget elementor-widget-google_maps\" data-id=\"ab0e03f\" data-element_type=\"widget\" data-widget_type=\"google_maps.default\">\n\t\t\t\t<div class=\"elementor-widget-container\">\n\t\t\t\t\t<div class=\"elementor-custom-embed\">\n\t\t\t<iframe loading=\"lazy\"\n\t\t\t\t\tsrc=\"https:\/\/maps.google.com\/maps?q=R.%20Pedro%20Amaral%2C%203409%20-%20Vila%20Ercilia%2C%20S%C3%A3o%20Jos%C3%A9%20do%20Rio%20Preto%20-%20SP%2C%2015014-000&#038;t=m&#038;z=17&#038;output=embed&#038;iwloc=near\"\n\t\t\t\t\ttitle=\"R. Pedro Amaral, 3409 - Vila Ercilia, S\u00e3o Jos\u00e9 do Rio Preto - SP, 15014-000\"\n\t\t\t\t\taria-label=\"R. Pedro Amaral, 3409 - Vila Ercilia, S\u00e3o Jos\u00e9 do Rio Preto - SP, 15014-000\"\n\t\t\t><\/iframe>\n\t\t<\/div>\n\t\t\t\t<\/div>\n\t\t\t\t<\/div>\n\t\t\t\t\t<\/div>\n\t\t\t\t<\/div>\n\t\t\t\t<\/div>\n\t\t","protected":false},"excerpt":{"rendered":"<p>Dukamp Monte Apraz\u00edvel . Dukamp S\u00e3o Jos\u00e9 do Rio Preto<\/p>\n","protected":false},"author":1,"featured_media":0,"parent":0,"menu_order":0,"comment_status":"closed","ping_status":"closed","template":"","meta":{"_joinchat":[],"footnotes":""},"class_list":["post-503","page","type-page","status-publish","hentry"],"jetpack_sharing_enabled":true,"_links":{"self":[{"href":"https:\/\/www.dukamp.com.br\/index.php?rest_route=\/wp\/v2\/pages\/503","targetHints":{"allow":["GET"]}}],"collection":[{"href":"https:\/\/www.dukamp.com.br\/index.php?rest_route=\/wp\/v2\/pages"}],"about":[{"href":"https:\/\/www.dukamp.com.br\/index.php?rest_route=\/wp\/v2\/types\/page"}],"author":[{"embeddable":true,"href":"https:\/\/www.dukamp.com.br\/index.php?rest_route=\/wp\/v2\/users\/1"}],"replies":[{"embeddable":true,"href":"https:\/\/www.dukamp.com.br\/index.php?rest_route=%2Fwp%2Fv2%2Fcomments&post=503"}],"version-history":[{"count":4,"href":"https:\/\/www.dukamp.com.br\/index.php?rest_route=\/wp\/v2\/pages\/503\/revisions"}],"predecessor-version":[{"id":510,"href":"https:\/\/www.dukamp.com.br\/index.php?rest_route=\/wp\/v2\/pages\/503\/revisions\/510"}],"wp:attachment":[{"href":"https:\/\/www.dukamp.com.br\/index.php?rest_route=%2Fwp%2Fv2%2Fmedia&parent=503"}],"curies":[{"name":"wp","href":"https:\/\/api.w.org\/{rel}","templated":true}]}}